{"id":8949,"date":"2024-06-25T08:44:32","date_gmt":"2024-06-25T06:44:32","guid":{"rendered":"https:\/\/businessboard.se\/golfsverige-goes-to-skargarden-29-augusti-2024\/"},"modified":"2025-12-19T13:36:45","modified_gmt":"2025-12-19T11:36:45","slug":"golfsverige-goes-to-skargarden-29-augusti-2024","status":"publish","type":"page","link":"https:\/\/businessboard.se\/en\/golfsverige-goes-to-skargarden-29-augusti-2024\/","title":{"rendered":"Golfsverige goes to sk\u00e4rg\u00e5rden 29 augusti 2024"},"content":{"rendered":"<div id='full_slider_1'  class='avia-fullwidth-slider main_color avia-shadow av-small-hide av-mini-hide  avia-builder-el-0  el_before_av_slideshow_full  avia-builder-el-first   container_wrap fullsize'  ><\/div>\n<div id='full_slider_2'  class='avia-fullwidth-slider main_color avia-shadow av-desktop-hide av-medium-hide  avia-builder-el-1  el_after_av_slideshow_full  el_before_av_section   slider-not-first container_wrap fullsize'  ><\/div>\n<div id='av_section_1'  class='avia-section av-39w91-bbc9ecd8b41c18012b3a5dacfcc29042 main_color avia-section-default avia-no-border-styling  avia-builder-el-2  el_after_av_slideshow_full  avia-builder-el-last  story_sec onbrd_sec avia-bg-style-scroll container_wrap fullsize'  ><div class='container av-section-cont-open' ><div class='template-page content  av-content-full alpha units'><div class='post-entry post-entry-type-page post-entry-8949'><div class='entry-content-wrapper clearfix'>\n\n<style type=\"text\/css\" data-created_by=\"avia_inline_auto\" id=\"style-css-av-lxu0vlg2-a7ad9f10143eb47178aec0c3f8d3e640\">\n#top .av-special-heading.av-lxu0vlg2-a7ad9f10143eb47178aec0c3f8d3e640{\npadding-bottom:10px;\n}\nbody .av-special-heading.av-lxu0vlg2-a7ad9f10143eb47178aec0c3f8d3e640 .av-special-heading-tag .heading-char{\nfont-size:25px;\n}\n.av-special-heading.av-lxu0vlg2-a7ad9f10143eb47178aec0c3f8d3e640 .av-subheading{\nfont-size:15px;\n}\n<\/style>\n<div  class='av-special-heading av-lxu0vlg2-a7ad9f10143eb47178aec0c3f8d3e640 av-special-heading-h1 blockquote modern-quote  avia-builder-el-3  el_before_av_textblock  avia-builder-el-first '><h1 class='av-special-heading-tag'  itemprop=\"headline\"  >Goes to Sk\u00e4rg\u00e5rden 29 Augusti 2024<\/h1><div class=\"special-heading-border\"><div class=\"special-heading-inner-border\"><\/div><\/div><\/div>\n<section  class='av_textblock_section av-llowbq4j-f068d3cc7bf6ba917a1296f0bb4ae61b '   itemscope=\"itemscope\" itemtype=\"https:\/\/schema.org\/CreativeWork\" ><div class='avia_textblock'  itemprop=\"text\" ><p>VIP Inbjudan till dig som \u00e4r kund till Kust IT &amp; Business Board i Golfsverige | GOES TO SK\u00c4RG\u00c5RDEN 29 Augusti 2024.<br \/>\n<em>(Denna inbjudan tar ca 2 minuter att l\u00e4sa, vi hoppas att du vill och kan medverka p\u00e5 v\u00e5rt Sk\u00e4rg\u00e5rdsevent med v\u00e5ra kunder inom Golfen.)<\/em><\/p>\n<p>Vi har gl\u00e4djen att bjuda in dig till ett underbart event i sk\u00e4rg\u00e5rden!<br \/>\nAvrunda sommaren tillsammans med dina v\u00e4nner p\u00e5 Kust IT &amp; Business Board.<\/p>\n<p>Dagen bjuder p\u00e5 lunch p\u00e5 Tj\u00f6rns Havspensionat , inspirerande f\u00f6rel\u00e4sningar, senaste nytt fr\u00e5n Business Board och Kust IT, n\u00e4tverkande och en sk\u00e4rg\u00e5rdstur med MS Drott, som avslutas med en h\u00e4rlig middag p\u00e5 Tr\u00e5lverket, Dyr\u00f6n.<\/p>\n<p><strong>Vi ser fram emot att f\u00e5 dela denna fantastiska dag med dig.<\/strong><\/p>\n<\/div><\/section>\n<div  class='avia-button-wrap av-lxu0xalt-a2d331ab01c23f06e403d9c1a5486b20-wrap avia-button-left  avia-builder-el-5  el_after_av_textblock  el_before_av_hr '><a href=\"https:\/\/forms.office.com\/Pages\/ResponsePage.aspx?id=xXJ4dyt9m0ysUdLIJn-NyQlym_1t4gpMk9y1YTVPs0RUQ1M1T1A4TzFLOUk0WUtHVjQzMEZPS0tDVC4u&amp;embed=true\" class=\"avia-button av-lxu0xalt-a2d331ab01c23f06e403d9c1a5486b20 avia-icon_select-no avia-size-small avia-position-left avia-color-theme-color\" target=\"_blank\" rel=\"noopener\"><span class='avia_iconbox_title' >Anm\u00e4l dig online h\u00e4r<\/span><\/a><\/div>\n<div  class='hr av-kqmxth-a29755830ceac06ed03647022b2aef46 hr-default  avia-builder-el-6  el_after_av_button  el_before_av_one_fourth '><span class='hr-inner '><span class=\"hr-inner-style\"><\/span><\/span><\/div>\n\n<style type=\"text\/css\" data-created_by=\"avia_inline_auto\" id=\"style-css-av-lxu7rd8b-5e7958b6d4c6688696491d3960d45b78\">\n.flex_column.av-lxu7rd8b-5e7958b6d4c6688696491d3960d45b78{\nwidth:24.25%;\n}\n<\/style>\n<div  class='flex_column av-lxu7rd8b-5e7958b6d4c6688696491d3960d45b78 av_one_fourth  avia-builder-el-7  el_after_av_hr  el_before_av_one_fourth  first flex_column_div  '     ><style type=\"text\/css\" data-created_by=\"avia_inline_auto\" id=\"style-css-av-lxu7pr3g-24273e99a07acac71af6d4c245bd0775\">\n.avia-image-container.av-lxu7pr3g-24273e99a07acac71af6d4c245bd0775 img.avia_image{\nbox-shadow:none;\n}\n.avia-image-container.av-lxu7pr3g-24273e99a07acac71af6d4c245bd0775 .av-image-caption-overlay-center{\ncolor:#ffffff;\n}\n<\/style>\n<div  class='avia-image-container av-lxu7pr3g-24273e99a07acac71af6d4c245bd0775 av-styling- av-hover-grow av-hide-overflow avia-align-center  avia-builder-el-8  avia-builder-el-no-sibling '   itemprop=\"image\" itemscope=\"itemscope\" itemtype=\"https:\/\/schema.org\/ImageObject\" ><div class=\"avia-image-container-inner\"><div class=\"avia-image-overlay-wrap\"><img decoding=\"async\" class='wp-image-3799 avia-img-lazy-loading-not-3799 avia_image ' src=\"https:\/\/businessboard.se\/wp-content\/uploads\/2024\/06\/dricka-773x1030-1-495x400.jpg\" alt='' title='dricka-773x1030'  height=\"400\" width=\"495\"  itemprop=\"thumbnailUrl\"  \/><\/div><\/div><\/div><\/div>\n<style type=\"text\/css\" data-created_by=\"avia_inline_auto\" id=\"style-css-av-lxu7rg7t-452ba9f717fe3500eec15b2862c6cc6d\">\n.flex_column.av-lxu7rg7t-452ba9f717fe3500eec15b2862c6cc6d{\nwidth:24.25%;\nmargin-left:1%;\n}\n<\/style>\n<div  class='flex_column av-lxu7rg7t-452ba9f717fe3500eec15b2862c6cc6d av_one_fourth  avia-builder-el-9  el_after_av_one_fourth  el_before_av_one_fourth  flex_column_div  '     ><style type=\"text\/css\" data-created_by=\"avia_inline_auto\" id=\"style-css-av-lxu7q2ha-9b9c0ce0af399b77e9a75011c0036633\">\n.avia-image-container.av-lxu7q2ha-9b9c0ce0af399b77e9a75011c0036633 img.avia_image{\nbox-shadow:none;\n}\n.avia-image-container.av-lxu7q2ha-9b9c0ce0af399b77e9a75011c0036633 .av-image-caption-overlay-center{\ncolor:#ffffff;\n}\n<\/style>\n<div  class='avia-image-container av-lxu7q2ha-9b9c0ce0af399b77e9a75011c0036633 av-styling- av-hover-grow av-hide-overflow avia-align-center  avia-builder-el-10  avia-builder-el-no-sibling '   itemprop=\"image\" itemscope=\"itemscope\" itemtype=\"https:\/\/schema.org\/ImageObject\" ><div class=\"avia-image-container-inner\"><div class=\"avia-image-overlay-wrap\"><img decoding=\"async\" class='wp-image-3801 avia-img-lazy-loading-not-3801 avia_image ' src=\"https:\/\/businessboard.se\/wp-content\/uploads\/2024\/06\/bat-1030x811-1-495x400.jpg\" alt='' title='bat-1030x811'  height=\"400\" width=\"495\"  itemprop=\"thumbnailUrl\" srcset=\"https:\/\/businessboard.se\/wp-content\/uploads\/2024\/06\/bat-1030x811-1-495x400.jpg 495w, https:\/\/businessboard.se\/wp-content\/uploads\/2024\/06\/bat-1030x811-1-845x684.jpg 845w\" sizes=\"(max-width: 495px) 100vw, 495px\" \/><\/div><\/div><\/div><\/div>\n<style type=\"text\/css\" data-created_by=\"avia_inline_auto\" id=\"style-css-av-av_one_fourth-5b6f4ab33f012753c8459a99ee1fec36\">\n.flex_column.av-av_one_fourth-5b6f4ab33f012753c8459a99ee1fec36{\nwidth:24.25%;\nmargin-left:1%;\n}\n<\/style>\n<div  class='flex_column av-av_one_fourth-5b6f4ab33f012753c8459a99ee1fec36 av_one_fourth  avia-builder-el-11  el_after_av_one_fourth  el_before_av_one_fourth  flex_column_div  '     ><style type=\"text\/css\" data-created_by=\"avia_inline_auto\" id=\"style-css-av-lxu7q8lm-508b8d9099031571a8742aedeef2fe90\">\n.avia-image-container.av-lxu7q8lm-508b8d9099031571a8742aedeef2fe90 img.avia_image{\nbox-shadow:none;\n}\n.avia-image-container.av-lxu7q8lm-508b8d9099031571a8742aedeef2fe90 .av-image-caption-overlay-center{\ncolor:#ffffff;\n}\n<\/style>\n<div  class='avia-image-container av-lxu7q8lm-508b8d9099031571a8742aedeef2fe90 av-styling- av-hover-grow av-hide-overflow avia-align-center  avia-builder-el-12  avia-builder-el-no-sibling '   itemprop=\"image\" itemscope=\"itemscope\" itemtype=\"https:\/\/schema.org\/ImageObject\" ><div class=\"avia-image-container-inner\"><div class=\"avia-image-overlay-wrap\"><img decoding=\"async\" class='wp-image-3803 avia-img-lazy-loading-not-3803 avia_image ' src=\"https:\/\/businessboard.se\/wp-content\/uploads\/2024\/06\/bat2-773x1030-1-495x400.jpg\" alt='' title='bat2-773x1030'  height=\"400\" width=\"495\"  itemprop=\"thumbnailUrl\"  \/><\/div><\/div><\/div><\/div>\n<style type=\"text\/css\" data-created_by=\"avia_inline_auto\" id=\"style-css-av-av_one_fourth-5b6f4ab33f012753c8459a99ee1fec36\">\n.flex_column.av-av_one_fourth-5b6f4ab33f012753c8459a99ee1fec36{\nwidth:24.25%;\nmargin-left:1%;\n}\n<\/style>\n<div  class='flex_column av-av_one_fourth-5b6f4ab33f012753c8459a99ee1fec36 av_one_fourth  avia-builder-el-13  el_after_av_one_fourth  el_before_av_hr  flex_column_div  '     ><style type=\"text\/css\" data-created_by=\"avia_inline_auto\" id=\"style-css-av-lxu7qe6u-07a8355aa750c7c9ea15a53caa97e9a7\">\n.avia-image-container.av-lxu7qe6u-07a8355aa750c7c9ea15a53caa97e9a7 img.avia_image{\nbox-shadow:none;\n}\n.avia-image-container.av-lxu7qe6u-07a8355aa750c7c9ea15a53caa97e9a7 .av-image-caption-overlay-center{\ncolor:#ffffff;\n}\n<\/style>\n<div  class='avia-image-container av-lxu7qe6u-07a8355aa750c7c9ea15a53caa97e9a7 av-styling- av-hover-grow av-hide-overflow avia-align-center  avia-builder-el-14  avia-builder-el-no-sibling '   itemprop=\"image\" itemscope=\"itemscope\" itemtype=\"https:\/\/schema.org\/ImageObject\" ><div class=\"avia-image-container-inner\"><div class=\"avia-image-overlay-wrap\"><img decoding=\"async\" class='wp-image-3805 avia-img-lazy-loading-not-3805 avia_image ' src=\"https:\/\/businessboard.se\/wp-content\/uploads\/2024\/06\/37fbb4b2-0614-4345-b116-2c0cb2f68141-1-495x400.jpg\" alt='' title='37fbb4b2-0614-4345-b116-2c0cb2f68141-1'  height=\"400\" width=\"495\"  itemprop=\"thumbnailUrl\"  \/><\/div><\/div><\/div><\/div><div  class='hr av-j0zpud-b6ac9bcdb11801d0ee96a60c4e0c52f8 hr-default  avia-builder-el-15  el_after_av_one_fourth  el_before_av_textblock '><span class='hr-inner '><span class=\"hr-inner-style\"><\/span><\/span><\/div>\n<section  class='av_textblock_section av-lxu1anj3-926a46409ca5001b3c4e915c0131c93e '   itemscope=\"itemscope\" itemtype=\"https:\/\/schema.org\/CreativeWork\" ><div class='avia_textblock'  itemprop=\"text\" ><p><strong>Begr\u00e4nsat antal platser, f\u00f6rst till kvarn!<\/strong><\/p>\n<p>Vi bjuder p\u00e5 allt under dagen och kv\u00e4llen.<\/p>\n<p>Inbjudan g\u00e4ller tv\u00e5 fr\u00e5n er Golfklubb\u00a0<em>(Kommer ni 2 g\u00f6r varje person enskild anm\u00e4lan)<\/em><br \/>\nResa och ev. \u00f6vernattning till sj\u00e4lvkostnadspris som man sj\u00e4lv st\u00e5r f\u00f6r, \u00f6vervattning bokas separat, se l\u00e4ngre ner.<\/p>\n<\/div><\/section>\n<div  class='hr av-gxx66d-203bb329bdbe259c8807034a25be7cfb hr-default  avia-builder-el-17  el_after_av_textblock  el_before_av_heading '><span class='hr-inner '><span class=\"hr-inner-style\"><\/span><\/span><\/div>\n\n<style type=\"text\/css\" data-created_by=\"avia_inline_auto\" id=\"style-css-av-lxu1bimb-d7ec6d27c6b451d3fb25756f5d3d8ff5\">\n#top .av-special-heading.av-lxu1bimb-d7ec6d27c6b451d3fb25756f5d3d8ff5{\npadding-bottom:10px;\n}\nbody .av-special-heading.av-lxu1bimb-d7ec6d27c6b451d3fb25756f5d3d8ff5 .av-special-heading-tag .heading-char{\nfont-size:25px;\n}\n.av-special-heading.av-lxu1bimb-d7ec6d27c6b451d3fb25756f5d3d8ff5 .av-subheading{\nfont-size:15px;\n}\n<\/style>\n<div  class='av-special-heading av-lxu1bimb-d7ec6d27c6b451d3fb25756f5d3d8ff5 av-special-heading-h3 blockquote modern-quote  avia-builder-el-18  el_after_av_hr  el_before_av_textblock '><h3 class='av-special-heading-tag'  itemprop=\"headline\"  >Dagens program 29 augusti<\/h3><div class=\"special-heading-border\"><div class=\"special-heading-inner-border\"><\/div><\/div><\/div>\n<section  class='av_textblock_section av-lxu1c751-3c618dbf55d0f72e87991b44f17d9130 '   itemscope=\"itemscope\" itemtype=\"https:\/\/schema.org\/CreativeWork\" ><div class='avia_textblock'  itemprop=\"text\" ><p>Samling p\u00e5 Tj\u00f6rns Havspensionat \u2013 fr\u00e5n kl 11:00<\/p>\n<p>Lunch p\u00e5 Tj\u00f6rns Havspensionat<\/p>\n<p>F\u00f6rel\u00e4sning p\u00e5 Tj\u00f6rns Havspensionat<\/p>\n<p>Senaste nyheterna fr\u00e5n Business Board och nya funktioner<\/p>\n<p>Senaste nyheterna fr\u00e5n Kust IT och nya funktioner<\/p>\n<p>Samling R\u00f6nn\u00e4ngs brygga (promenadavst\u00e5nd)<\/p>\n<p>Avg\u00e5ng vi \u00e5ker med M\/S Drott<\/p>\n<p>Bubbel, skaldjursnittar och tid f\u00f6r n\u00e4tverkande<\/p>\n<p>Middag p\u00e5 Tr\u00e5lverket p\u00e5 Dyr\u00f6n<\/p>\n<p>F\u00e4rja till R\u00f6nn\u00e4ngs brygga \u2013 ca kl 21:00<\/p>\n<p>Dagen slutar ca 21:30<\/p>\n<\/div><\/section>\n<div  class='hr av-g8gw2d-215bea5de8659e9aac7eec03841d4568 hr-default  avia-builder-el-20  el_after_av_textblock  el_before_av_heading '><span class='hr-inner '><span class=\"hr-inner-style\"><\/span><\/span><\/div>\n\n<style type=\"text\/css\" data-created_by=\"avia_inline_auto\" id=\"style-css-av-lxu1djrw-05c90b47b574adbb4a7e419f55fba451\">\n#top .av-special-heading.av-lxu1djrw-05c90b47b574adbb4a7e419f55fba451{\npadding-bottom:10px;\n}\nbody .av-special-heading.av-lxu1djrw-05c90b47b574adbb4a7e419f55fba451 .av-special-heading-tag .heading-char{\nfont-size:25px;\n}\n.av-special-heading.av-lxu1djrw-05c90b47b574adbb4a7e419f55fba451 .av-subheading{\nfont-size:15px;\n}\n<\/style>\n<div  class='av-special-heading av-lxu1djrw-05c90b47b574adbb4a7e419f55fba451 av-special-heading-h3 blockquote modern-quote  avia-builder-el-21  el_after_av_hr  el_before_av_codeblock '><h3 class='av-special-heading-tag'  itemprop=\"headline\"  >H\u00e4r kommer vi utg\u00e5 fr\u00e5n:<\/h3><div class=\"special-heading-border\"><div class=\"special-heading-inner-border\"><\/div><\/div><\/div>\n\n<div  class='hr av-ci4fet-835a8c799013f5eae438e455b3d10453 hr-default  avia-builder-el-23  el_after_av_codeblock  el_before_av_four_fifth '><span class='hr-inner '><span class=\"hr-inner-style\"><\/span><\/span><\/div>\n<div  class='flex_column av-b4sg85-93eb1825a2a20c515de5673df797f742 av_four_fifth  avia-builder-el-24  el_after_av_hr  el_before_av_heading  first flex_column_div  '     ><style type=\"text\/css\" data-created_by=\"avia_inline_auto\" id=\"style-css-av-lxu1ewku-c4f27779895ae1609c193cacbff67e9b\">\n.avia-image-container.av-lxu1ewku-c4f27779895ae1609c193cacbff67e9b img.avia_image{\nbox-shadow:none;\n}\n.avia-image-container.av-lxu1ewku-c4f27779895ae1609c193cacbff67e9b .av-image-caption-overlay-center{\ncolor:#ffffff;\n}\n<\/style>\n<div  class='avia-image-container av-lxu1ewku-c4f27779895ae1609c193cacbff67e9b av-styling- avia-align-left  avia-builder-el-25  avia-builder-el-no-sibling '   itemprop=\"image\" itemscope=\"itemscope\" itemtype=\"https:\/\/schema.org\/ImageObject\" ><div class=\"avia-image-container-inner\"><div class=\"avia-image-overlay-wrap\"><img decoding=\"async\" class='wp-image-3805 avia-img-lazy-loading-not-3805 avia_image ' src=\"https:\/\/businessboard.se\/wp-content\/uploads\/2024\/06\/37fbb4b2-0614-4345-b116-2c0cb2f68141-1.jpg\" alt='' title='37fbb4b2-0614-4345-b116-2c0cb2f68141-1'  height=\"667\" width=\"1000\"  itemprop=\"thumbnailUrl\" srcset=\"https:\/\/businessboard.se\/wp-content\/uploads\/2024\/06\/37fbb4b2-0614-4345-b116-2c0cb2f68141-1.jpg 1000w, https:\/\/businessboard.se\/wp-content\/uploads\/2024\/06\/37fbb4b2-0614-4345-b116-2c0cb2f68141-1-300x200.jpg 300w, https:\/\/businessboard.se\/wp-content\/uploads\/2024\/06\/37fbb4b2-0614-4345-b116-2c0cb2f68141-1-768x512.jpg 768w, https:\/\/businessboard.se\/wp-content\/uploads\/2024\/06\/37fbb4b2-0614-4345-b116-2c0cb2f68141-1-705x470.jpg 705w\" sizes=\"(max-width: 1000px) 100vw, 1000px\" \/><\/div><\/div><\/div><\/div>\n<style type=\"text\/css\" data-created_by=\"avia_inline_auto\" id=\"style-css-av-lxu1f1xa-8f5be2de8d44e84c9af9e2977f5c9b3d\">\n#top .av-special-heading.av-lxu1f1xa-8f5be2de8d44e84c9af9e2977f5c9b3d{\npadding-bottom:10px;\n}\nbody .av-special-heading.av-lxu1f1xa-8f5be2de8d44e84c9af9e2977f5c9b3d .av-special-heading-tag .heading-char{\nfont-size:25px;\n}\n.av-special-heading.av-lxu1f1xa-8f5be2de8d44e84c9af9e2977f5c9b3d .av-subheading{\nfont-size:15px;\n}\n<\/style>\n<div  class='av-special-heading av-lxu1f1xa-8f5be2de8d44e84c9af9e2977f5c9b3d av-special-heading-h3 blockquote modern-quote  avia-builder-el-26  el_after_av_four_fifth  el_before_av_textblock '><h3 class='av-special-heading-tag'  itemprop=\"headline\"  >Boka boende efter anm\u00e4lan<\/h3><div class=\"special-heading-border\"><div class=\"special-heading-inner-border\"><\/div><\/div><\/div>\n<section  class='av_textblock_section av-lxu1f9a6-e22f8cd96c4f373e336816db768ed839 '   itemscope=\"itemscope\" itemtype=\"https:\/\/schema.org\/CreativeWork\" ><div class='avia_textblock'  itemprop=\"text\" ><p>N\u00e4r ni anm\u00e4lt er till v\u00e5rt event bokar ni d\u00e4refter boende direkt hos\u00a0<a href=\"https:\/\/tjornshavspensionat.se\/\" target=\"_blank\" rel=\"noopener\">www.tjornshavspensionat.se<\/a><\/p>\n<p>Rum finns f\u00f6rbokade p\u00e5 Tj\u00f6rns Havspensionat. Ni m\u00e5ste ringa eller maila f\u00f6r bokning.<br \/>\nAnge Kust IT &amp; Business Board goes to Sk\u00e4rg\u00e5rden. (Kostnad ca 1500kr)<\/p>\n<\/div><\/section>\n<div  class='hr av-9oulet-52e77e60fde53471a62440f08d0c2461 hr-default  avia-builder-el-28  el_after_av_textblock  el_before_av_heading '><span class='hr-inner '><span class=\"hr-inner-style\"><\/span><\/span><\/div>\n\n<style type=\"text\/css\" data-created_by=\"avia_inline_auto\" id=\"style-css-av-lxu1gdxx-98d1a9feec922be8397901a301a1b81b\">\n#top .av-special-heading.av-lxu1gdxx-98d1a9feec922be8397901a301a1b81b{\npadding-bottom:10px;\n}\nbody .av-special-heading.av-lxu1gdxx-98d1a9feec922be8397901a301a1b81b .av-special-heading-tag .heading-char{\nfont-size:25px;\n}\n.av-special-heading.av-lxu1gdxx-98d1a9feec922be8397901a301a1b81b .av-subheading{\nfont-size:15px;\n}\n<\/style>\n<div  class='av-special-heading av-lxu1gdxx-98d1a9feec922be8397901a301a1b81b av-special-heading-h3 blockquote modern-quote  avia-builder-el-29  el_after_av_hr  el_before_av_one_fourth '><h3 class='av-special-heading-tag'  itemprop=\"headline\"  >Goes to Sk\u00e4rg\u00e5rden 29 Augusti 2024 arrangeras gemensamt f\u00f6r v\u00e5ra kunder med Kust IT<\/h3><div class=\"special-heading-border\"><div class=\"special-heading-inner-border\"><\/div><\/div><\/div>\n<div  class='flex_column av-87dvad-c7237f26e69add019c3b8c71d2c75e24 av_one_fourth  avia-builder-el-30  el_after_av_heading  el_before_av_one_fourth  first flex_column_div  '     ><style type=\"text\/css\" data-created_by=\"avia_inline_auto\" id=\"style-css-av-lxu1ha6d-10d91fdf09e5cf029e6ed54b2d4d8864\">\n.avia-image-container.av-lxu1ha6d-10d91fdf09e5cf029e6ed54b2d4d8864 img.avia_image{\nbox-shadow:none;\n}\n.avia-image-container.av-lxu1ha6d-10d91fdf09e5cf029e6ed54b2d4d8864 .av-image-caption-overlay-center{\ncolor:#ffffff;\n}\n<\/style>\n<div  class='avia-image-container av-lxu1ha6d-10d91fdf09e5cf029e6ed54b2d4d8864 av-styling- avia-align-center  avia-builder-el-31  avia-builder-el-no-sibling '   itemprop=\"image\" itemscope=\"itemscope\" itemtype=\"https:\/\/schema.org\/ImageObject\" ><div class=\"avia-image-container-inner\"><div class=\"avia-image-overlay-wrap\"><img decoding=\"async\" class='wp-image-3572 avia-img-lazy-loading-not-3572 avia_image ' src=\"https:\/\/businessboard.se\/wp-content\/uploads\/2024\/06\/Kust-IT-logo.png\" alt='' title='Kust IT logo'  height=\"320\" width=\"562\"  itemprop=\"thumbnailUrl\" srcset=\"https:\/\/businessboard.se\/wp-content\/uploads\/2024\/06\/Kust-IT-logo.png 562w, https:\/\/businessboard.se\/wp-content\/uploads\/2024\/06\/Kust-IT-logo-300x171.png 300w\" sizes=\"(max-width: 562px) 100vw, 562px\" \/><\/div><\/div><\/div><\/div><div  class='flex_column av-6eeelx-2b22a9a1ad809e06f7be1186e34185dd av_one_fourth  avia-builder-el-32  el_after_av_one_fourth  el_before_av_one_fourth  flex_column_div  '     ><style type=\"text\/css\" data-created_by=\"avia_inline_auto\" id=\"style-css-av-lxu1hmqc-146377d1eecd08facf64e835f103cd3b\">\n.avia-image-container.av-lxu1hmqc-146377d1eecd08facf64e835f103cd3b img.avia_image{\nbox-shadow:none;\n}\n.avia-image-container.av-lxu1hmqc-146377d1eecd08facf64e835f103cd3b .av-image-caption-overlay-center{\ncolor:#ffffff;\n}\n<\/style>\n<div  class='avia-image-container av-lxu1hmqc-146377d1eecd08facf64e835f103cd3b av-styling- avia-align-center  avia-builder-el-33  avia-builder-el-no-sibling '   itemprop=\"image\" itemscope=\"itemscope\" itemtype=\"https:\/\/schema.org\/ImageObject\" ><div class=\"avia-image-container-inner\"><div class=\"avia-image-overlay-wrap\"><img decoding=\"async\" class='wp-image-2486 avia-img-lazy-loading-not-2486 avia_image ' src=\"https:\/\/businessboard.se\/wp-content\/uploads\/2023\/11\/BB_logo_staende.png\" alt='' title='BB_logo_staende'  height=\"1076\" width=\"2453\"  itemprop=\"thumbnailUrl\" srcset=\"https:\/\/businessboard.se\/wp-content\/uploads\/2023\/11\/BB_logo_staende.png 2453w, https:\/\/businessboard.se\/wp-content\/uploads\/2023\/11\/BB_logo_staende-300x132.png 300w, https:\/\/businessboard.se\/wp-content\/uploads\/2023\/11\/BB_logo_staende-1030x452.png 1030w, https:\/\/businessboard.se\/wp-content\/uploads\/2023\/11\/BB_logo_staende-768x337.png 768w, https:\/\/businessboard.se\/wp-content\/uploads\/2023\/11\/BB_logo_staende-1536x674.png 1536w, https:\/\/businessboard.se\/wp-content\/uploads\/2023\/11\/BB_logo_staende-2048x898.png 2048w, https:\/\/businessboard.se\/wp-content\/uploads\/2023\/11\/BB_logo_staende-1500x658.png 1500w, https:\/\/businessboard.se\/wp-content\/uploads\/2023\/11\/BB_logo_staende-705x309.png 705w\" sizes=\"(max-width: 2453px) 100vw, 2453px\" \/><\/div><\/div><\/div><\/div><div  class='flex_column av-4usazp-88203f9f38c568fa332753326c7def88 av_one_fourth  avia-builder-el-34  el_after_av_one_fourth  el_before_av_one_fourth  flex_column_div  '     ><\/div><div  class='flex_column av-2o1339-efe5936b4c6e07dfce850e69a4f58365 av_one_fourth  avia-builder-el-35  el_after_av_one_fourth  avia-builder-el-last  flex_column_div  '     ><\/div>\n","protected":false},"excerpt":{"rendered":"","protected":false},"author":1,"featured_media":3801,"parent":0,"menu_order":0,"comment_status":"closed","ping_status":"closed","template":"","meta":{"_acf_changed":false,"footnotes":""},"class_list":["post-8949","page","type-page","status-publish","has-post-thumbnail","hentry"],"acf":[],"_links":{"self":[{"href":"https:\/\/businessboard.se\/en\/wp-json\/wp\/v2\/pages\/8949","targetHints":{"allow":["GET"]}}],"collection":[{"href":"https:\/\/businessboard.se\/en\/wp-json\/wp\/v2\/pages"}],"about":[{"href":"https:\/\/businessboard.se\/en\/wp-json\/wp\/v2\/types\/page"}],"author":[{"embeddable":true,"href":"https:\/\/businessboard.se\/en\/wp-json\/wp\/v2\/users\/1"}],"replies":[{"embeddable":true,"href":"https:\/\/businessboard.se\/en\/wp-json\/wp\/v2\/comments?post=8949"}],"version-history":[{"count":2,"href":"https:\/\/businessboard.se\/en\/wp-json\/wp\/v2\/pages\/8949\/revisions"}],"predecessor-version":[{"id":8951,"href":"https:\/\/businessboard.se\/en\/wp-json\/wp\/v2\/pages\/8949\/revisions\/8951"}],"wp:featuredmedia":[{"embeddable":true,"href":"https:\/\/businessboard.se\/en\/wp-json\/wp\/v2\/media\/3801"}],"wp:attachment":[{"href":"https:\/\/businessboard.se\/en\/wp-json\/wp\/v2\/media?parent=8949"}],"curies":[{"name":"wp","href":"https:\/\/api.w.org\/{rel}","templated":true}]}}